{"id":11733,"date":"2026-05-07T10:30:57","date_gmt":"2026-05-07T10:30:57","guid":{"rendered":"https:\/\/www.iesmurgi.org\/web4.0\/?page_id=11733"},"modified":"2026-05-07T10:31:04","modified_gmt":"2026-05-07T10:31:04","slug":"proyecto-de-direccion","status":"publish","type":"page","link":"https:\/\/www.iesmurgi.org\/web4.0\/proyecto-de-direccion\/","title":{"rendered":"Proyecto de Direcci\u00f3n"},"content":{"rendered":"\n<p>El Proyecto de Direcci\u00f3n del IES Murgi es un documento fundamental para conocer el modelo de centro que se propone desarrollar en esta nueva etapa. En \u00e9l se detallan los objetivos, medidas y l\u00edneas de trabajo orientadas a mejorar la convivencia, la calidad educativa, la participaci\u00f3n de la comunidad escolar y la gesti\u00f3n de los recursos del instituto.<\/p>\n\n\n\n<div data-wp-interactive=\"core\/file\" class=\"wp-block-file\"><object data-wp-bind--hidden=\"!state.hasPdfPreview\" hidden class=\"wp-block-file__embed\" data=\"https:\/\/www.iesmurgi.org\/web4.0\/wp-content\/uploads\/2026\/05\/Peral_Hernandez_Nilo_Proyecto-de-Direccion-IES-MURGI.pdf\" type=\"application\/pdf\" style=\"width:100%;height:600px\" aria-label=\"Incrustado de Proyecto de Direcci\u00f3n IES MURGI - Nilo Peral_Hern\u00e1ndez.\"><\/object><a id=\"wp-block-file--media-a8042f74-9523-4711-8329-f4321a5e2c1d\" href=\"https:\/\/www.iesmurgi.org\/web4.0\/wp-content\/uploads\/2026\/05\/Peral_Hernandez_Nilo_Proyecto-de-Direccion-IES-MURGI.pdf\">Proyecto de Direcci\u00f3n IES MURGI &#8211; Nilo Peral_Hern\u00e1ndez<\/a><a href=\"https:\/\/www.iesmurgi.org\/web4.0\/wp-content\/uploads\/2026\/05\/Peral_Hernandez_Nilo_Proyecto-de-Direccion-IES-MURGI.pdf\" class=\"wp-block-file__button wp-element-button\" download aria-describedby=\"wp-block-file--media-a8042f74-9523-4711-8329-f4321a5e2c1d\">Descarga<\/a><\/div>\n\n\n\n<p><\/p>\n","protected":false},"excerpt":{"rendered":"<p>El Proyecto de Direcci\u00f3n del IES Murgi es un documento fundamental para conocer el modelo de centro que se propone desarrollar en esta nueva etapa. En \u00e9l se detallan los objetivos, medidas y l\u00edneas de trabajo orientadas a mejorar la convivencia, la calidad educativa, la participaci\u00f3n de la comunidad escolar y la gesti\u00f3n de los [&hellip;]<\/p>\n","protected":false},"author":1,"featured_media":0,"parent":0,"menu_order":0,"comment_status":"closed","ping_status":"closed","template":"","meta":{"footnotes":""},"class_list":["post-11733","page","type-page","status-publish","hentry"],"jetpack_sharing_enabled":true,"_links":{"self":[{"href":"https:\/\/www.iesmurgi.org\/web4.0\/wp-json\/wp\/v2\/pages\/11733","targetHints":{"allow":["GET"]}}],"collection":[{"href":"https:\/\/www.iesmurgi.org\/web4.0\/wp-json\/wp\/v2\/pages"}],"about":[{"href":"https:\/\/www.iesmurgi.org\/web4.0\/wp-json\/wp\/v2\/types\/page"}],"author":[{"embeddable":true,"href":"https:\/\/www.iesmurgi.org\/web4.0\/wp-json\/wp\/v2\/users\/1"}],"replies":[{"embeddable":true,"href":"https:\/\/www.iesmurgi.org\/web4.0\/wp-json\/wp\/v2\/comments?post=11733"}],"version-history":[{"count":2,"href":"https:\/\/www.iesmurgi.org\/web4.0\/wp-json\/wp\/v2\/pages\/11733\/revisions"}],"predecessor-version":[{"id":11736,"href":"https:\/\/www.iesmurgi.org\/web4.0\/wp-json\/wp\/v2\/pages\/11733\/revisions\/11736"}],"wp:attachment":[{"href":"https:\/\/www.iesmurgi.org\/web4.0\/wp-json\/wp\/v2\/media?parent=11733"}],"curies":[{"name":"wp","href":"https:\/\/api.w.org\/{rel}","templated":true}]}}